{"id":50,"date":"2025-10-08T10:26:45","date_gmt":"2025-10-08T10:26:45","guid":{"rendered":"https:\/\/everymanjustice.co.uk\/?page_id=50"},"modified":"2026-02-22T09:22:24","modified_gmt":"2026-02-22T09:22:24","slug":"about-everyman-justice","status":"publish","type":"page","link":"https:\/\/everymanjustice.co.uk\/hu\/about-everyman-justice\/","title":{"rendered":"Az Everyman Justice-r\u0151l"},"content":{"rendered":"<figure class=\"wp-block-image size-large\"><img loading=\"lazy\" decoding=\"async\" width=\"1011\" height=\"1024\" src=\"https:\/\/everymanjustice.co.uk\/wp-content\/uploads\/2026\/02\/gergely-fried-mckenzie-friend-england-wales-e1770800559721-1011x1024.jpeg\" alt=\"Gergely Fried, McKenzie Friend providing family court support in England and Wales.\" class=\"wp-image-465\" srcset=\"https:\/\/everymanjustice.co.uk\/wp-content\/uploads\/2026\/02\/gergely-fried-mckenzie-friend-england-wales-e1770800559721-1011x1024.jpeg 1011w, https:\/\/everymanjustice.co.uk\/wp-content\/uploads\/2026\/02\/gergely-fried-mckenzie-friend-england-wales-e1770800559721-296x300.jpeg 296w, https:\/\/everymanjustice.co.uk\/wp-content\/uploads\/2026\/02\/gergely-fried-mckenzie-friend-england-wales-e1770800559721-768x778.jpeg 768w, https:\/\/everymanjustice.co.uk\/wp-content\/uploads\/2026\/02\/gergely-fried-mckenzie-friend-england-wales-e1770800559721-12x12.jpeg 12w, https:\/\/everymanjustice.co.uk\/wp-content\/uploads\/2026\/02\/gergely-fried-mckenzie-friend-england-wales-e1770800559721.jpeg 1197w\" sizes=\"auto, (max-width: 1011px) 100vw, 1011px\" \/><figcaption class=\"wp-element-caption\">Gergely Fried \u2013 Founder of Everyman Justice and McKenzie Friend in England &amp; Wales<\/figcaption><\/figure>\n\n\n\n<h2 class=\"wp-block-heading\">McKenzie Friend t\u00e1mogat\u00e1s mindenkinek az angliai csal\u00e1di b\u00edr\u00f3s\u00e1gon<\/h2>\n\n\n\n<p>Gergely Fried <strong>vagyok<\/strong>, az Everyman Justice <em>alap\u00edt\u00f3ja<\/em>.<br>Az\u00e9rt hoztam l\u00e9tre ezt a szolg\u00e1ltat\u00e1st, hogy a h\u00e9tk\u00f6znapi emberek magabiztosnak \u00e9s t\u00e1mogatottnak \u00e9rezhess\u00e9k magukat a csal\u00e1djogi b\u00edr\u00f3s\u00e1gi rendszerben \u2014 \u00fcgyv\u00e9di k\u00f6lts\u00e9gek n\u00e9lk\u00fcl. Az Everyman Justice-t ma m\u00e1r sok sz\u00fcl\u0151 megb\u00edzhat\u00f3 McKenzie Friend szolg\u00e1ltat\u00e1sk\u00e9nt ismeri el, amely csal\u00e1dokat t\u00e1mogat Anglia \u00e9s Wales ter\u00fclet\u00e9n.<\/p>\n\n\n\n<p>McKenzie Friendk\u00e9nt <strong>McKenzie Friend<\/strong>, \u00e9rzelmi t\u00e1mogat\u00e1st \u00e9s seg\u00edts\u00e9get ny\u00fajtok a b\u00edr\u00f3s\u00e1gi dokumentumok el\u0151k\u00e9sz\u00edt\u00e9s\u00e9ben, hogy az \u00fcgyedet vil\u00e1gosan \u00e9s nyugodtan tudd bemutatni.<\/p>\n\n\n\n<p>Els\u0151sorban <strong>Suffolk, Norfolk, Essex, London, Middlesex, Hertfordshire, Bedfordshire, Cambridgeshire \u00e9s Northamptonshire ter\u00fclet\u00e9n dolgozom<\/strong>\u2014 de Anglia \u00e9s Wales b\u00e1rmely r\u00e9sz\u00e9n tudok seg\u00edteni a sz\u00fcl\u0151knek online megbesz\u00e9l\u00e9sek \u00e9s telefonos konzult\u00e1ci\u00f3k r\u00e9v\u00e9n.<\/p>\n\n\n\n<hr class=\"wp-block-separator has-alpha-channel-opacity\"\/>\n\n\n\n<h3 class=\"wp-block-heading\"><strong>Mivel foglalkozom<\/strong><\/h3>\n\n\n\n<ul class=\"wp-block-list\">\n<li>K\u00f6z\u00e9rthet\u0151en elmagyar\u00e1zom a b\u00edr\u00f3s\u00e1gi folyamatot<\/li>\n\n\n\n<li>Seg\u00edtek az \u00e1ll\u00e1sfoglal\u00e1sok \u00e9s a bizony\u00edt\u00e9kcsomagok el\u0151k\u00e9sz\u00edt\u00e9s\u00e9ben<\/li>\n\n\n\n<li>T\u00e1mogatlak a Cafcass-interj\u00fak \u00e9s a b\u00edr\u00f3s\u00e1gi t\u00e1rgyal\u00e1sok sor\u00e1n<\/li>\n\n\n\n<li>Seg\u00edtek \u00e9rzelmileg felk\u00e9sz\u00fclni, hogy nyugodt \u00e9s \u00f6sszeszedett maradhass<\/li>\n<\/ul>\n\n\n\n<h3 class=\"wp-block-heading\"><strong>Mi\u00e9rt \u201eEveryman Justice\u201d?<\/strong><\/h3>\n\n\n\n<p>A n\u00e9v abb\u00f3l a meggy\u0151z\u0151d\u00e9sb\u0151l sz\u00fcletett <em>, hogy az igazs\u00e1gszolg\u00e1ltat\u00e1s mindenkinek j\u00e1r<\/em> \u2014 nemcsak azoknak, akik meg tudj\u00e1k fizetni a jogi k\u00e9pviseletet.<\/p>\n\n\n\n<h3 class=\"wp-block-heading\"><strong>A hozz\u00e1\u00e1ll\u00e1som<\/strong><\/h3>\n\n\n\n<p>Tiszta, nyugodt \u00e9s egy\u00fctt\u00e9rz\u0151.<br>El\u0151sz\u00f6r meghallgatlak, majd seg\u00edtek re\u00e1lis megold\u00e1sokat tal\u00e1lni, amelyek megv\u00e9dik a kapcsolatodat a gyermekeiddel, \u00e9s el\u0151seg\u00edtik, hogy az elj\u00e1r\u00e1s tiszteletteljes maradjon.<\/p>\n\n\n\n<h3 class=\"wp-block-heading\"><strong>Writing &amp; Commentary<\/strong><\/h3>\n\n\n\n<p>Alongside client work, I also write about family court process, access to justice, and the behavioural dynamics of child arrangements proceedings.<\/p>\n\n\n\n<p>My book, <em><a href=\"https:\/\/everymanjustice.co.uk\/hu\/conflict-by-design-book\/\" type=\"link\" id=\"https:\/\/everymanjustice.co.uk\/conflict-by-design-book\/\">Conflict by Design<\/a><\/em>, examines how the structure of family court cases in England &amp; Wales can shape perception, escalate tension, and influence parental behaviour \u2014 even when both parents believe they are acting in their child\u2019s best interests.<\/p>\n\n\n\n<p>The book explores process, psychology, and the practical realities facing litigants in person.<\/p>","protected":false},"excerpt":{"rendered":"<p>McKenzie Friend Support for Everyone in the Family Court I\u2019m Gergely Fried, founder of Everyman Justice.I started this service to help ordinary people feel confident and supported in the Family Court system \u2014 without the overwhelming cost of a solicitor. Everyman Justice is now recognised by many parents as a trusted McKenzie Friend service supporting [&hellip;]<\/p>\n","protected":false},"author":1,"featured_media":52,"parent":0,"menu_order":0,"comment_status":"closed","ping_status":"closed","template":"","meta":{"_joinchat":[],"footnotes":""},"class_list":["post-50","page","type-page","status-publish","has-post-thumbnail","hentry"],"yoast_head":"<!-- This site is optimized with the Yoast SEO plugin v27.5 - https:\/\/yoast.com\/product\/yoast-seo-wordpress\/ -->\n<title>About Everyman Justice \u2013 McKenzie Friend Support by Gergely Fried<\/title>\n<meta name=\"description\" content=\"Founded by Gergely Fried, Everyman Justice provides calm, professional McKenzie Friend support to parents in England &amp; Wales family courts.\" \/>\n<meta name=\"robots\" content=\"index, follow, max-snippet:-1, max-image-preview:large, max-video-preview:-1\" \/>\n<link rel=\"canonical\" href=\"https:\/\/everymanjustice.co.uk\/hu\/about-everyman-justice\/\" \/>\n<meta property=\"og:locale\" content=\"hu_HU\" \/>\n<meta property=\"og:type\" content=\"article\" \/>\n<meta property=\"og:title\" content=\"About Everyman Justice \u2013 McKenzie Friend Support by Gergely Fried\" \/>\n<meta property=\"og:description\" content=\"Founded by Gergely Fried, Everyman Justice provides calm, professional McKenzie Friend support to parents in England &amp; Wales family courts.\" \/>\n<meta property=\"og:url\" content=\"https:\/\/everymanjustice.co.uk\/hu\/about-everyman-justice\/\" \/>\n<meta property=\"og:site_name\" content=\"McKenzie Friend Support\" \/>\n<meta property=\"article:publisher\" content=\"https:\/\/www.facebook.com\/UKMcKenzieFriendEverymanJustice\" \/>\n<meta property=\"article:modified_time\" content=\"2026-02-22T09:22:24+00:00\" \/>\n<meta property=\"og:image\" content=\"https:\/\/everymanjustice.co.uk\/wp-content\/uploads\/2025\/10\/wp1.png\" \/>\n\t<meta property=\"og:image:width\" content=\"1536\" \/>\n\t<meta property=\"og:image:height\" content=\"1024\" \/>\n\t<meta property=\"og:image:type\" content=\"image\/png\" \/>\n<meta name=\"twitter:card\" content=\"summary_large_image\" \/>\n<meta name=\"twitter:site\" content=\"@EverymanJustice\" \/>\n<meta name=\"twitter:label1\" content=\"Becs\u00fclt olvas\u00e1si id\u0151\" \/>\n\t<meta name=\"twitter:data1\" content=\"2 perc\" \/>\n<script type=\"application\/ld+json\" class=\"yoast-schema-graph\">{\"@context\":\"https:\\\/\\\/schema.org\",\"@graph\":[{\"@type\":\"WebPage\",\"@id\":\"https:\\\/\\\/everymanjustice.co.uk\\\/about-everyman-justice\\\/\",\"url\":\"https:\\\/\\\/everymanjustice.co.uk\\\/about-everyman-justice\\\/\",\"name\":\"About Everyman Justice \u2013 McKenzie Friend Support by Gergely Fried\",\"isPartOf\":{\"@id\":\"https:\\\/\\\/everymanjustice.co.uk\\\/#website\"},\"primaryImageOfPage\":{\"@id\":\"https:\\\/\\\/everymanjustice.co.uk\\\/about-everyman-justice\\\/#primaryimage\"},\"image\":{\"@id\":\"https:\\\/\\\/everymanjustice.co.uk\\\/about-everyman-justice\\\/#primaryimage\"},\"thumbnailUrl\":\"https:\\\/\\\/everymanjustice.co.uk\\\/wp-content\\\/uploads\\\/2025\\\/10\\\/wp1.png\",\"datePublished\":\"2025-10-08T10:26:45+00:00\",\"dateModified\":\"2026-02-22T09:22:24+00:00\",\"description\":\"Founded by Gergely Fried, Everyman Justice provides calm, professional McKenzie Friend support to parents in England & Wales family courts.\",\"breadcrumb\":{\"@id\":\"https:\\\/\\\/everymanjustice.co.uk\\\/about-everyman-justice\\\/#breadcrumb\"},\"inLanguage\":\"hu\",\"potentialAction\":[{\"@type\":\"ReadAction\",\"target\":[\"https:\\\/\\\/everymanjustice.co.uk\\\/about-everyman-justice\\\/\"]}]},{\"@type\":\"ImageObject\",\"inLanguage\":\"hu\",\"@id\":\"https:\\\/\\\/everymanjustice.co.uk\\\/about-everyman-justice\\\/#primaryimage\",\"url\":\"https:\\\/\\\/everymanjustice.co.uk\\\/wp-content\\\/uploads\\\/2025\\\/10\\\/wp1.png\",\"contentUrl\":\"https:\\\/\\\/everymanjustice.co.uk\\\/wp-content\\\/uploads\\\/2025\\\/10\\\/wp1.png\",\"width\":1536,\"height\":1024},{\"@type\":\"BreadcrumbList\",\"@id\":\"https:\\\/\\\/everymanjustice.co.uk\\\/about-everyman-justice\\\/#breadcrumb\",\"itemListElement\":[{\"@type\":\"ListItem\",\"position\":1,\"name\":\"Home\",\"item\":\"https:\\\/\\\/everymanjustice.co.uk\\\/\"},{\"@type\":\"ListItem\",\"position\":2,\"name\":\"About Everyman Justice\"}]},{\"@type\":\"WebSite\",\"@id\":\"https:\\\/\\\/everymanjustice.co.uk\\\/#website\",\"url\":\"https:\\\/\\\/everymanjustice.co.uk\\\/\",\"name\":\"McKenzie Friend Everyman Justice\",\"description\":\"Support for Everyone in the Family Court\",\"publisher\":{\"@id\":\"https:\\\/\\\/everymanjustice.co.uk\\\/#organization\"},\"potentialAction\":[{\"@type\":\"SearchAction\",\"target\":{\"@type\":\"EntryPoint\",\"urlTemplate\":\"https:\\\/\\\/everymanjustice.co.uk\\\/?s={search_term_string}\"},\"query-input\":{\"@type\":\"PropertyValueSpecification\",\"valueRequired\":true,\"valueName\":\"search_term_string\"}}],\"inLanguage\":\"hu\"},{\"@type\":\"Organization\",\"@id\":\"https:\\\/\\\/everymanjustice.co.uk\\\/#organization\",\"name\":\"Everyman Justice\",\"url\":\"https:\\\/\\\/everymanjustice.co.uk\\\/\",\"logo\":{\"@type\":\"ImageObject\",\"inLanguage\":\"hu\",\"@id\":\"https:\\\/\\\/everymanjustice.co.uk\\\/#\\\/schema\\\/logo\\\/image\\\/\",\"url\":\"https:\\\/\\\/everymanjustice.co.uk\\\/wp-content\\\/uploads\\\/2025\\\/10\\\/logo-2.png\",\"contentUrl\":\"https:\\\/\\\/everymanjustice.co.uk\\\/wp-content\\\/uploads\\\/2025\\\/10\\\/logo-2.png\",\"width\":1024,\"height\":1024,\"caption\":\"Everyman Justice\"},\"image\":{\"@id\":\"https:\\\/\\\/everymanjustice.co.uk\\\/#\\\/schema\\\/logo\\\/image\\\/\"},\"sameAs\":[\"https:\\\/\\\/www.facebook.com\\\/UKMcKenzieFriendEverymanJustice\",\"https:\\\/\\\/x.com\\\/EverymanJustice\",\"https:\\\/\\\/www.youtube.com\\\/@Everymanjustice\",\"https:\\\/\\\/uk.trustpilot.com\\\/review\\\/everymanjustice.co.uk\",\"https:\\\/\\\/www.yell.com\\\/biz\\\/everyman-justice-ipswich-10972261\",\"https:\\\/\\\/www.freeindex.co.uk\\\/profile(everyman-justice)_852123.htm\",\"https:\\\/\\\/www.thomsonlocal.com\\\/search\\\/counselling-advice\\\/ipswich-stowmarket-felixstowe\\\/everyman-justice\\\/3477675\\\/07599322717\"]}]}<\/script>\n<!-- \/ Yoast SEO plugin. -->","yoast_head_json":{"title":"About Everyman Justice \u2013 McKenzie Friend Support by Gergely Fried","description":"Founded by Gergely Fried, Everyman Justice provides calm, professional McKenzie Friend support to parents in England & Wales family courts.","robots":{"index":"index","follow":"follow","max-snippet":"max-snippet:-1","max-image-preview":"max-image-preview:large","max-video-preview":"max-video-preview:-1"},"canonical":"https:\/\/everymanjustice.co.uk\/hu\/about-everyman-justice\/","og_locale":"hu_HU","og_type":"article","og_title":"About Everyman Justice \u2013 McKenzie Friend Support by Gergely Fried","og_description":"Founded by Gergely Fried, Everyman Justice provides calm, professional McKenzie Friend support to parents in England & Wales family courts.","og_url":"https:\/\/everymanjustice.co.uk\/hu\/about-everyman-justice\/","og_site_name":"McKenzie Friend Support","article_publisher":"https:\/\/www.facebook.com\/UKMcKenzieFriendEverymanJustice","article_modified_time":"2026-02-22T09:22:24+00:00","og_image":[{"width":1536,"height":1024,"url":"https:\/\/everymanjustice.co.uk\/wp-content\/uploads\/2025\/10\/wp1.png","type":"image\/png"}],"twitter_card":"summary_large_image","twitter_site":"@EverymanJustice","twitter_misc":{"Becs\u00fclt olvas\u00e1si id\u0151":"2 perc"},"schema":{"@context":"https:\/\/schema.org","@graph":[{"@type":"WebPage","@id":"https:\/\/everymanjustice.co.uk\/about-everyman-justice\/","url":"https:\/\/everymanjustice.co.uk\/about-everyman-justice\/","name":"About Everyman Justice \u2013 McKenzie Friend Support by Gergely Fried","isPartOf":{"@id":"https:\/\/everymanjustice.co.uk\/#website"},"primaryImageOfPage":{"@id":"https:\/\/everymanjustice.co.uk\/about-everyman-justice\/#primaryimage"},"image":{"@id":"https:\/\/everymanjustice.co.uk\/about-everyman-justice\/#primaryimage"},"thumbnailUrl":"https:\/\/everymanjustice.co.uk\/wp-content\/uploads\/2025\/10\/wp1.png","datePublished":"2025-10-08T10:26:45+00:00","dateModified":"2026-02-22T09:22:24+00:00","description":"Founded by Gergely Fried, Everyman Justice provides calm, professional McKenzie Friend support to parents in England & Wales family courts.","breadcrumb":{"@id":"https:\/\/everymanjustice.co.uk\/about-everyman-justice\/#breadcrumb"},"inLanguage":"hu","potentialAction":[{"@type":"ReadAction","target":["https:\/\/everymanjustice.co.uk\/about-everyman-justice\/"]}]},{"@type":"ImageObject","inLanguage":"hu","@id":"https:\/\/everymanjustice.co.uk\/about-everyman-justice\/#primaryimage","url":"https:\/\/everymanjustice.co.uk\/wp-content\/uploads\/2025\/10\/wp1.png","contentUrl":"https:\/\/everymanjustice.co.uk\/wp-content\/uploads\/2025\/10\/wp1.png","width":1536,"height":1024},{"@type":"BreadcrumbList","@id":"https:\/\/everymanjustice.co.uk\/about-everyman-justice\/#breadcrumb","itemListElement":[{"@type":"ListItem","position":1,"name":"Home","item":"https:\/\/everymanjustice.co.uk\/"},{"@type":"ListItem","position":2,"name":"About Everyman Justice"}]},{"@type":"WebSite","@id":"https:\/\/everymanjustice.co.uk\/#website","url":"https:\/\/everymanjustice.co.uk\/","name":"McKenzie Friend Everyman Justice","description":"Support for Everyone in the Family Court","publisher":{"@id":"https:\/\/everymanjustice.co.uk\/#organization"},"potentialAction":[{"@type":"SearchAction","target":{"@type":"EntryPoint","urlTemplate":"https:\/\/everymanjustice.co.uk\/?s={search_term_string}"},"query-input":{"@type":"PropertyValueSpecification","valueRequired":true,"valueName":"search_term_string"}}],"inLanguage":"hu"},{"@type":"Organization","@id":"https:\/\/everymanjustice.co.uk\/#organization","name":"alap\u00edt\u00f3ja","url":"https:\/\/everymanjustice.co.uk\/","logo":{"@type":"ImageObject","inLanguage":"hu","@id":"https:\/\/everymanjustice.co.uk\/#\/schema\/logo\/image\/","url":"https:\/\/everymanjustice.co.uk\/wp-content\/uploads\/2025\/10\/logo-2.png","contentUrl":"https:\/\/everymanjustice.co.uk\/wp-content\/uploads\/2025\/10\/logo-2.png","width":1024,"height":1024,"caption":"Everyman Justice"},"image":{"@id":"https:\/\/everymanjustice.co.uk\/#\/schema\/logo\/image\/"},"sameAs":["https:\/\/www.facebook.com\/UKMcKenzieFriendEverymanJustice","https:\/\/x.com\/EverymanJustice","https:\/\/www.youtube.com\/@Everymanjustice","https:\/\/uk.trustpilot.com\/review\/everymanjustice.co.uk","https:\/\/www.yell.com\/biz\/everyman-justice-ipswich-10972261","https:\/\/www.freeindex.co.uk\/profile(everyman-justice)_852123.htm","https:\/\/www.thomsonlocal.com\/search\/counselling-advice\/ipswich-stowmarket-felixstowe\/everyman-justice\/3477675\/07599322717"]}]}},"_links":{"self":[{"href":"https:\/\/everymanjustice.co.uk\/hu\/wp-json\/wp\/v2\/pages\/50","targetHints":{"allow":["GET"]}}],"collection":[{"href":"https:\/\/everymanjustice.co.uk\/hu\/wp-json\/wp\/v2\/pages"}],"about":[{"href":"https:\/\/everymanjustice.co.uk\/hu\/wp-json\/wp\/v2\/types\/page"}],"author":[{"embeddable":true,"href":"https:\/\/everymanjustice.co.uk\/hu\/wp-json\/wp\/v2\/users\/1"}],"replies":[{"embeddable":true,"href":"https:\/\/everymanjustice.co.uk\/hu\/wp-json\/wp\/v2\/comments?post=50"}],"version-history":[{"count":5,"href":"https:\/\/everymanjustice.co.uk\/hu\/wp-json\/wp\/v2\/pages\/50\/revisions"}],"predecessor-version":[{"id":552,"href":"https:\/\/everymanjustice.co.uk\/hu\/wp-json\/wp\/v2\/pages\/50\/revisions\/552"}],"wp:featuredmedia":[{"embeddable":true,"href":"https:\/\/everymanjustice.co.uk\/hu\/wp-json\/wp\/v2\/media\/52"}],"wp:attachment":[{"href":"https:\/\/everymanjustice.co.uk\/hu\/wp-json\/wp\/v2\/media?parent=50"}],"curies":[{"name":"wp","href":"https:\/\/api.w.org\/{rel}","templated":true}]}}